{"id":583,"date":"2022-07-19T16:44:18","date_gmt":"2022-07-19T14:44:18","guid":{"rendered":"http:\/\/www.kempujnakolesach.sk\/?page_id=583"},"modified":"2025-02-23T12:32:40","modified_gmt":"2025-02-23T11:32:40","slug":"cennik-prenajmu","status":"publish","type":"page","link":"https:\/\/www.kempujnakolesach.sk\/de\/cennik-prenajmu\/","title":{"rendered":"Preisliste"},"content":{"rendered":"<h2 class=\"wp-block-heading\">Presiliste<\/h2>\n\n\n\n<ul class=\"wp-block-list\">\n<li><strong>Hauptsaison vom 15.6. bis 15.9. \/ Ostern, Weihnachten und Neujahr bis 6.1.<\/strong><\/li>\n\n\n\n<li>Mietdauer 7-9 Tage -\u00a0<strong>130,-Eur \/ Tag<\/strong><\/li>\n\n\n\n<li>Mietdauer 10-19 Tage -\u00a0<strong>120,-Eur \/ Tag<\/strong><\/li>\n\n\n\n<li>Mietdauer 20 Tage und l\u00e4nger -\u00a0<strong>110,-Eur \/ Tag<\/strong><\/li>\n<\/ul>\n\n\n\n<ul class=\"wp-block-list\">\n<li><strong>Nebensaison<\/strong><\/li>\n\n\n\n<li>Mietdauer 3-9 Tage -\u00a0<strong>115,-Eur \/ Tag<\/strong><\/li>\n\n\n\n<li>Mietdauer 10-19 Tage -\u00a0<strong>105,-Eur \/ Tag<\/strong><\/li>\n\n\n\n<li>Mietdauer 20 Tage und l\u00e4nger -\u00a0<strong>95,-Eur \/ Tag<\/strong><\/li>\n<\/ul>\n\n\n\n<h2 class=\"wp-block-heading\">Sonstige Preise und Zusatzleistungen<\/h2>\n\n\n\n<p><strong>50 Eur \/ Mietzeitraum<\/strong>&nbsp;- Servicegeb\u00fchr (Verwaltung, ad-blue, 2 Gaskartuschen, Au\u00dfenreinigung, Innenreinigung, Wasser f\u00fcr die Scheibenwaschanlage)&nbsp;<strong>(Pflichtpunkt)<\/strong><\/p>\n\n\n\n<p><strong>30 Eur \/ Mietzeitraum<\/strong>&nbsp;- Geb\u00fchr f\u00fcr den Hund im Auto und anschlie\u00dfende Anti-Allergie-Reinigung<br><strong>30 Eur<\/strong>&nbsp;- Geb\u00fchr f\u00fcr die Abholung schon am Vortag in den Abendstunden<br><strong>300 Eur \/ Tag<\/strong>&nbsp;- Geb\u00fchr pro Tag f\u00fcr jeden angefangenen Tag, wenn das Fahrzeug erst nach dem Mietzeitraum zur\u00fcckgegeben wird<br><strong>200 Eur \/ Mietzeitraum<\/strong>&nbsp;- Geb\u00fchr f\u00fcr die R\u00fcckgabe eines stark verschmutzten Fahrzeuginnenraums<\/p>\n\n\n\n<p class=\"has-text-color\" style=\"color:#fe0000\"><strong>1.000 Eur \/ Mietzeitraum<\/strong>&nbsp;- r\u00fcckzahlbare Kaution&nbsp;<\/p>\n\n\n\n<h2 class=\"wp-block-heading\">Ausstattung im Preis inbegriffen:<\/h2>\n\n\n\n<p>Seitenmarkise<br>4x Campingstuhl<br>1x Campingtisch<br>K\u00fcchenausstattung - siehe \"<a href=\"http:\/\/www.kempujnakolesach.sk\/de\/auta\/#kuchynka\">K\u00fcche<\/a>\"<br>1x \"Vorzelt\" Teppich<br>25m Verl\u00e4ngerungskabel 230V + EURO Stecker Adapter<br>2x Auffahrkeile<br>1x Werkzeugkoffer<\/p>\n\n\n\n<p>Alle Preise\u00a0<strong>s DPH 23%<\/strong><\/p>","protected":false},"excerpt":{"rendered":"<p>Cenn\u00edk Pren\u00e1jmu Cenn\u00edk slu\u017eieb a pr\u00edslu\u0161enstva 50 Eur \/ pobyt&nbsp;\u2013 servisn\u00fd poplatok (administrat\u00edva, ad-blue, 2 plynov\u00e9 kartu\u0161e, \u010distenie exteri\u00e9ru, interi\u00e9ru, voda do ostrekova\u010da)&nbsp;(povinn\u00e1 polo\u017eka) 30&hellip;<\/p>","protected":false},"author":1,"featured_media":0,"parent":0,"menu_order":0,"comment_status":"closed","ping_status":"closed","template":"","meta":{"footnotes":""},"class_list":["post-583","page","type-page","status-publish","hentry"],"yoast_head":"<!-- This site is optimized with the Yoast SEO plugin v27.4 - https:\/\/yoast.com\/product\/yoast-seo-wordpress\/ -->\n<title>Cenn\u00edk - www.KEMPUJNAKOLESACH.sk<\/title>\n<meta name=\"description\" content=\"Cenn\u00edk pren\u00e1jmu a pr\u00edslu\u0161enstva campervanu Mercedes Marco Polo so span\u00edm pre 4 osoby s plne vybavenou kuchynkou. \u010eal\u0161ie doplnky (cyklonosi\u010d, stre\u0161n\u00fd box, VeloBox, paddleboardy alebo kolobe\u017eky...)\" \/>\n<meta name=\"robots\" content=\"index, follow, max-snippet:-1, max-image-preview:large, max-video-preview:-1\" \/>\n<link rel=\"canonical\" href=\"https:\/\/www.kempujnakolesach.sk\/de\/cennik-prenajmu\/\" \/>\n<meta property=\"og:locale\" content=\"de_DE\" \/>\n<meta property=\"og:type\" content=\"article\" \/>\n<meta property=\"og:title\" content=\"Cenn\u00edk - www.KEMPUJNAKOLESACH.sk\" \/>\n<meta property=\"og:description\" content=\"Cenn\u00edk pren\u00e1jmu a pr\u00edslu\u0161enstva campervanu Mercedes Marco Polo so span\u00edm pre 4 osoby s plne vybavenou kuchynkou. \u010eal\u0161ie doplnky (cyklonosi\u010d, stre\u0161n\u00fd box, VeloBox, paddleboardy alebo kolobe\u017eky...)\" \/>\n<meta property=\"og:url\" content=\"https:\/\/www.kempujnakolesach.sk\/de\/cennik-prenajmu\/\" \/>\n<meta property=\"og:site_name\" content=\"www.KEMPUJNAKOLESACH.sk\" \/>\n<meta property=\"article:publisher\" content=\"https:\/\/www.facebook.com\/KempujNaKolesach\" \/>\n<meta property=\"article:modified_time\" content=\"2025-02-23T11:32:40+00:00\" \/>\n<meta name=\"twitter:card\" content=\"summary_large_image\" \/>\n<meta name=\"twitter:label1\" content=\"Gesch\u00e4tzte Lesezeit\" \/>\n\t<meta name=\"twitter:data1\" content=\"2\u00a0Minuten\" \/>\n<script type=\"application\/ld+json\" class=\"yoast-schema-graph\">{\"@context\":\"https:\\\/\\\/schema.org\",\"@graph\":[{\"@type\":\"Article\",\"@id\":\"https:\\\/\\\/www.kempujnakolesach.sk\\\/cennik-prenajmu\\\/#article\",\"isPartOf\":{\"@id\":\"https:\\\/\\\/www.kempujnakolesach.sk\\\/cennik-prenajmu\\\/\"},\"author\":{\"name\":\"-mh-\",\"@id\":\"https:\\\/\\\/www.kempujnakolesach.sk\\\/#\\\/schema\\\/person\\\/7bc6a71ea672f026c1c174a5898fdf31\"},\"headline\":\"Cenn\u00edk\",\"datePublished\":\"2022-07-19T14:44:18+00:00\",\"dateModified\":\"2025-02-23T11:32:40+00:00\",\"mainEntityOfPage\":{\"@id\":\"https:\\\/\\\/www.kempujnakolesach.sk\\\/cennik-prenajmu\\\/\"},\"wordCount\":221,\"publisher\":{\"@id\":\"https:\\\/\\\/www.kempujnakolesach.sk\\\/#organization\"},\"inLanguage\":\"de\"},{\"@type\":\"WebPage\",\"@id\":\"https:\\\/\\\/www.kempujnakolesach.sk\\\/cennik-prenajmu\\\/\",\"url\":\"https:\\\/\\\/www.kempujnakolesach.sk\\\/cennik-prenajmu\\\/\",\"name\":\"Cenn\u00edk - www.KEMPUJNAKOLESACH.sk\",\"isPartOf\":{\"@id\":\"https:\\\/\\\/www.kempujnakolesach.sk\\\/#website\"},\"datePublished\":\"2022-07-19T14:44:18+00:00\",\"dateModified\":\"2025-02-23T11:32:40+00:00\",\"description\":\"Cenn\u00edk pren\u00e1jmu a pr\u00edslu\u0161enstva campervanu Mercedes Marco Polo so span\u00edm pre 4 osoby s plne vybavenou kuchynkou. \u010eal\u0161ie doplnky (cyklonosi\u010d, stre\u0161n\u00fd box, VeloBox, paddleboardy alebo kolobe\u017eky...)\",\"breadcrumb\":{\"@id\":\"https:\\\/\\\/www.kempujnakolesach.sk\\\/cennik-prenajmu\\\/#breadcrumb\"},\"inLanguage\":\"de\",\"potentialAction\":[{\"@type\":\"ReadAction\",\"target\":[\"https:\\\/\\\/www.kempujnakolesach.sk\\\/cennik-prenajmu\\\/\"]}]},{\"@type\":\"BreadcrumbList\",\"@id\":\"https:\\\/\\\/www.kempujnakolesach.sk\\\/cennik-prenajmu\\\/#breadcrumb\",\"itemListElement\":[{\"@type\":\"ListItem\",\"position\":1,\"name\":\"Domovsk\u00e1 str\u00e1nka\",\"item\":\"https:\\\/\\\/www.kempujnakolesach.sk\\\/\"},{\"@type\":\"ListItem\",\"position\":2,\"name\":\"Cenn\u00edk\"}]},{\"@type\":\"WebSite\",\"@id\":\"https:\\\/\\\/www.kempujnakolesach.sk\\\/#website\",\"url\":\"https:\\\/\\\/www.kempujnakolesach.sk\\\/\",\"name\":\"www.KEMPUJNAKOLESACH.sk\",\"description\":\"Cestuj, kam a\u017e \u0165a auto dovezie...\",\"publisher\":{\"@id\":\"https:\\\/\\\/www.kempujnakolesach.sk\\\/#organization\"},\"potentialAction\":[{\"@type\":\"SearchAction\",\"target\":{\"@type\":\"EntryPoint\",\"urlTemplate\":\"https:\\\/\\\/www.kempujnakolesach.sk\\\/?s={search_term_string}\"},\"query-input\":{\"@type\":\"PropertyValueSpecification\",\"valueRequired\":true,\"valueName\":\"search_term_string\"}}],\"inLanguage\":\"de\"},{\"@type\":\"Organization\",\"@id\":\"https:\\\/\\\/www.kempujnakolesach.sk\\\/#organization\",\"name\":\"Kempuj na koles\u00e1ch\",\"url\":\"https:\\\/\\\/www.kempujnakolesach.sk\\\/\",\"logo\":{\"@type\":\"ImageObject\",\"inLanguage\":\"de\",\"@id\":\"https:\\\/\\\/www.kempujnakolesach.sk\\\/#\\\/schema\\\/logo\\\/image\\\/\",\"url\":\"https:\\\/\\\/www.kempujnakolesach.sk\\\/wp-content\\\/uploads\\\/2022\\\/08\\\/LogoN_1.jpg\",\"contentUrl\":\"https:\\\/\\\/www.kempujnakolesach.sk\\\/wp-content\\\/uploads\\\/2022\\\/08\\\/LogoN_1.jpg\",\"width\":556,\"height\":494,\"caption\":\"Kempuj na koles\u00e1ch\"},\"image\":{\"@id\":\"https:\\\/\\\/www.kempujnakolesach.sk\\\/#\\\/schema\\\/logo\\\/image\\\/\"},\"sameAs\":[\"https:\\\/\\\/www.facebook.com\\\/KempujNaKolesach\",\"https:\\\/\\\/www.instagram.com\\\/kempujnakolesach.sk\"]},{\"@type\":\"Person\",\"@id\":\"https:\\\/\\\/www.kempujnakolesach.sk\\\/#\\\/schema\\\/person\\\/7bc6a71ea672f026c1c174a5898fdf31\",\"name\":\"-mh-\",\"image\":{\"@type\":\"ImageObject\",\"inLanguage\":\"de\",\"@id\":\"https:\\\/\\\/secure.gravatar.com\\\/avatar\\\/1f57b97fb32a2b4e4318a42d2ca4640898688c516f40a7e7d373aa74f0dd9842?s=96&d=mm&r=g\",\"url\":\"https:\\\/\\\/secure.gravatar.com\\\/avatar\\\/1f57b97fb32a2b4e4318a42d2ca4640898688c516f40a7e7d373aa74f0dd9842?s=96&d=mm&r=g\",\"contentUrl\":\"https:\\\/\\\/secure.gravatar.com\\\/avatar\\\/1f57b97fb32a2b4e4318a42d2ca4640898688c516f40a7e7d373aa74f0dd9842?s=96&d=mm&r=g\",\"caption\":\"-mh-\"},\"sameAs\":[\"http:\\\/\\\/www.kempujnakolesach.sk\"],\"url\":\"https:\\\/\\\/www.kempujnakolesach.sk\\\/de\\\/author\\\/gf035000\\\/\"}]}<\/script>\n<!-- \/ Yoast SEO plugin. -->","yoast_head_json":{"title":"Cenn\u00edk - www.KEMPUJNAKOLESACH.sk","description":"Cenn\u00edk pren\u00e1jmu a pr\u00edslu\u0161enstva campervanu Mercedes Marco Polo so span\u00edm pre 4 osoby s plne vybavenou kuchynkou. \u010eal\u0161ie doplnky (cyklonosi\u010d, stre\u0161n\u00fd box, VeloBox, paddleboardy alebo kolobe\u017eky...)","robots":{"index":"index","follow":"follow","max-snippet":"max-snippet:-1","max-image-preview":"max-image-preview:large","max-video-preview":"max-video-preview:-1"},"canonical":"https:\/\/www.kempujnakolesach.sk\/de\/cennik-prenajmu\/","og_locale":"de_DE","og_type":"article","og_title":"Cenn\u00edk - www.KEMPUJNAKOLESACH.sk","og_description":"Cenn\u00edk pren\u00e1jmu a pr\u00edslu\u0161enstva campervanu Mercedes Marco Polo so span\u00edm pre 4 osoby s plne vybavenou kuchynkou. \u010eal\u0161ie doplnky (cyklonosi\u010d, stre\u0161n\u00fd box, VeloBox, paddleboardy alebo kolobe\u017eky...)","og_url":"https:\/\/www.kempujnakolesach.sk\/de\/cennik-prenajmu\/","og_site_name":"www.KEMPUJNAKOLESACH.sk","article_publisher":"https:\/\/www.facebook.com\/KempujNaKolesach","article_modified_time":"2025-02-23T11:32:40+00:00","twitter_card":"summary_large_image","twitter_misc":{"Gesch\u00e4tzte Lesezeit":"2\u00a0Minuten"},"schema":{"@context":"https:\/\/schema.org","@graph":[{"@type":"Article","@id":"https:\/\/www.kempujnakolesach.sk\/cennik-prenajmu\/#article","isPartOf":{"@id":"https:\/\/www.kempujnakolesach.sk\/cennik-prenajmu\/"},"author":{"name":"-mh-","@id":"https:\/\/www.kempujnakolesach.sk\/#\/schema\/person\/7bc6a71ea672f026c1c174a5898fdf31"},"headline":"Cenn\u00edk","datePublished":"2022-07-19T14:44:18+00:00","dateModified":"2025-02-23T11:32:40+00:00","mainEntityOfPage":{"@id":"https:\/\/www.kempujnakolesach.sk\/cennik-prenajmu\/"},"wordCount":221,"publisher":{"@id":"https:\/\/www.kempujnakolesach.sk\/#organization"},"inLanguage":"de"},{"@type":"WebPage","@id":"https:\/\/www.kempujnakolesach.sk\/cennik-prenajmu\/","url":"https:\/\/www.kempujnakolesach.sk\/cennik-prenajmu\/","name":"Cenn\u00edk - www.KEMPUJNAKOLESACH.sk","isPartOf":{"@id":"https:\/\/www.kempujnakolesach.sk\/#website"},"datePublished":"2022-07-19T14:44:18+00:00","dateModified":"2025-02-23T11:32:40+00:00","description":"Cenn\u00edk pren\u00e1jmu a pr\u00edslu\u0161enstva campervanu Mercedes Marco Polo so span\u00edm pre 4 osoby s plne vybavenou kuchynkou. \u010eal\u0161ie doplnky (cyklonosi\u010d, stre\u0161n\u00fd box, VeloBox, paddleboardy alebo kolobe\u017eky...)","breadcrumb":{"@id":"https:\/\/www.kempujnakolesach.sk\/cennik-prenajmu\/#breadcrumb"},"inLanguage":"de","potentialAction":[{"@type":"ReadAction","target":["https:\/\/www.kempujnakolesach.sk\/cennik-prenajmu\/"]}]},{"@type":"BreadcrumbList","@id":"https:\/\/www.kempujnakolesach.sk\/cennik-prenajmu\/#breadcrumb","itemListElement":[{"@type":"ListItem","position":1,"name":"Domovsk\u00e1 str\u00e1nka","item":"https:\/\/www.kempujnakolesach.sk\/"},{"@type":"ListItem","position":2,"name":"Cenn\u00edk"}]},{"@type":"WebSite","@id":"https:\/\/www.kempujnakolesach.sk\/#website","url":"https:\/\/www.kempujnakolesach.sk\/","name":"www.KEMPUJNAKOLESACH.sk","description":"Cestuj, kam a\u017e \u0165a auto dovezie...","publisher":{"@id":"https:\/\/www.kempujnakolesach.sk\/#organization"},"potentialAction":[{"@type":"SearchAction","target":{"@type":"EntryPoint","urlTemplate":"https:\/\/www.kempujnakolesach.sk\/?s={search_term_string}"},"query-input":{"@type":"PropertyValueSpecification","valueRequired":true,"valueName":"search_term_string"}}],"inLanguage":"de"},{"@type":"Organization","@id":"https:\/\/www.kempujnakolesach.sk\/#organization","name":"Kempuj na koles\u00e1ch","url":"https:\/\/www.kempujnakolesach.sk\/","logo":{"@type":"ImageObject","inLanguage":"de","@id":"https:\/\/www.kempujnakolesach.sk\/#\/schema\/logo\/image\/","url":"https:\/\/www.kempujnakolesach.sk\/wp-content\/uploads\/2022\/08\/LogoN_1.jpg","contentUrl":"https:\/\/www.kempujnakolesach.sk\/wp-content\/uploads\/2022\/08\/LogoN_1.jpg","width":556,"height":494,"caption":"Kempuj na koles\u00e1ch"},"image":{"@id":"https:\/\/www.kempujnakolesach.sk\/#\/schema\/logo\/image\/"},"sameAs":["https:\/\/www.facebook.com\/KempujNaKolesach","https:\/\/www.instagram.com\/kempujnakolesach.sk"]},{"@type":"Person","@id":"https:\/\/www.kempujnakolesach.sk\/#\/schema\/person\/7bc6a71ea672f026c1c174a5898fdf31","name":"-mh-","image":{"@type":"ImageObject","inLanguage":"de","@id":"https:\/\/secure.gravatar.com\/avatar\/1f57b97fb32a2b4e4318a42d2ca4640898688c516f40a7e7d373aa74f0dd9842?s=96&d=mm&r=g","url":"https:\/\/secure.gravatar.com\/avatar\/1f57b97fb32a2b4e4318a42d2ca4640898688c516f40a7e7d373aa74f0dd9842?s=96&d=mm&r=g","contentUrl":"https:\/\/secure.gravatar.com\/avatar\/1f57b97fb32a2b4e4318a42d2ca4640898688c516f40a7e7d373aa74f0dd9842?s=96&d=mm&r=g","caption":"-mh-"},"sameAs":["http:\/\/www.kempujnakolesach.sk"],"url":"https:\/\/www.kempujnakolesach.sk\/de\/author\/gf035000\/"}]}},"_links":{"self":[{"href":"https:\/\/www.kempujnakolesach.sk\/de\/wp-json\/wp\/v2\/pages\/583","targetHints":{"allow":["GET"]}}],"collection":[{"href":"https:\/\/www.kempujnakolesach.sk\/de\/wp-json\/wp\/v2\/pages"}],"about":[{"href":"https:\/\/www.kempujnakolesach.sk\/de\/wp-json\/wp\/v2\/types\/page"}],"author":[{"embeddable":true,"href":"https:\/\/www.kempujnakolesach.sk\/de\/wp-json\/wp\/v2\/users\/1"}],"replies":[{"embeddable":true,"href":"https:\/\/www.kempujnakolesach.sk\/de\/wp-json\/wp\/v2\/comments?post=583"}],"version-history":[{"count":7,"href":"https:\/\/www.kempujnakolesach.sk\/de\/wp-json\/wp\/v2\/pages\/583\/revisions"}],"predecessor-version":[{"id":903,"href":"https:\/\/www.kempujnakolesach.sk\/de\/wp-json\/wp\/v2\/pages\/583\/revisions\/903"}],"wp:attachment":[{"href":"https:\/\/www.kempujnakolesach.sk\/de\/wp-json\/wp\/v2\/media?parent=583"}],"curies":[{"name":"wp","href":"https:\/\/api.w.org\/{rel}","templated":true}]}}