{"id":286,"date":"2022-07-18T21:55:56","date_gmt":"2022-07-18T19:55:56","guid":{"rendered":"http:\/\/www.kempujnakolesach.sk\/?page_id=286"},"modified":"2023-04-21T14:25:46","modified_gmt":"2023-04-21T12:25:46","slug":"kontakt","status":"publish","type":"page","link":"https:\/\/www.kempujnakolesach.sk\/de\/kontakt\/","title":{"rendered":"Kontakt"},"content":{"rendered":"<p>Vermietung <strong>www.KEMPUJNAKOLESACH.sk<\/strong> wird betrieben von:<\/p>\n\n\n\n<p><strong>Rent &amp; Camp s.r.o.<\/strong><br>Gazdovsk\u00fd rad 17\/34<br>93101 \u0160amor\u00edn<br>Tel.: +421 905 568817 (Milan Harga\u0161)<br>Email: <a href=\"mailto:info@kempujnakolesach.sk\">info@kempujnakolesach.sk<\/a><\/p>\n\n\n\n<p>FirmenNr.: 54 619 840<br>UID Nr.: SK2121736661<\/p>\n\n\n\n<p>Bankverbindung: <br>IBAN: SK64 1111 0000 0017 4928 9007<br>SWIFT \/ BIC: UNCRSKBX<br><\/p>","protected":false},"excerpt":{"rendered":"<p>Po\u017ei\u010dov\u0148u www.KEMPUJNAKOLESACH.sk prev\u00e1dzkuje spolo\u010dnos\u0165: Rent &amp; Camp s.r.o.Gazdovsk\u00fd rad 17\/3493101 \u0160amor\u00ednTel.: +421 905 568817 (Milan Harga\u0161)Email: info@kempujnakolesach.sk I\u010cO: 54 619 840I\u010c DPH: SK2121736661 Bankov\u00e9 spojenie:&hellip;<\/p>","protected":false},"author":1,"featured_media":0,"parent":0,"menu_order":0,"comment_status":"closed","ping_status":"closed","template":"","meta":{"footnotes":""},"class_list":["post-286","page","type-page","status-publish","hentry"],"yoast_head":"<!-- This site is optimized with the Yoast SEO plugin v27.5 - https:\/\/yoast.com\/product\/yoast-seo-wordpress\/ -->\n<title>Kontakt - www.KEMPUJNAKOLESACH.sk<\/title>\n<meta name=\"description\" content=\"Prenajmite si campervan Marco Polo zo span\u00edm pre 4 osoby \/ Rent a camper with sleeping for 4.\" \/>\n<meta name=\"robots\" content=\"index, follow, max-snippet:-1, max-image-preview:large, max-video-preview:-1\" \/>\n<link rel=\"canonical\" href=\"https:\/\/www.kempujnakolesach.sk\/de\/kontakt\/\" \/>\n<meta property=\"og:locale\" content=\"de_DE\" \/>\n<meta property=\"og:type\" content=\"article\" \/>\n<meta property=\"og:title\" content=\"Kontakt - www.KEMPUJNAKOLESACH.sk\" \/>\n<meta property=\"og:description\" content=\"Prenajmite si campervan Marco Polo zo span\u00edm pre 4 osoby \/ Rent a camper with sleeping for 4.\" \/>\n<meta property=\"og:url\" content=\"https:\/\/www.kempujnakolesach.sk\/de\/kontakt\/\" \/>\n<meta property=\"og:site_name\" content=\"www.KEMPUJNAKOLESACH.sk\" \/>\n<meta property=\"article:publisher\" content=\"https:\/\/www.facebook.com\/KempujNaKolesach\" \/>\n<meta property=\"article:modified_time\" content=\"2023-04-21T12:25:46+00:00\" \/>\n<meta name=\"twitter:card\" content=\"summary_large_image\" \/>\n<meta name=\"twitter:label1\" content=\"Gesch\u00e4tzte Lesezeit\" \/>\n\t<meta name=\"twitter:data1\" content=\"1\u00a0Minute\" \/>\n<script type=\"application\/ld+json\" class=\"yoast-schema-graph\">{\"@context\":\"https:\\\/\\\/schema.org\",\"@graph\":[{\"@type\":\"Article\",\"@id\":\"https:\\\/\\\/www.kempujnakolesach.sk\\\/kontakt\\\/#article\",\"isPartOf\":{\"@id\":\"https:\\\/\\\/www.kempujnakolesach.sk\\\/kontakt\\\/\"},\"author\":{\"name\":\"-mh-\",\"@id\":\"https:\\\/\\\/www.kempujnakolesach.sk\\\/#\\\/schema\\\/person\\\/7bc6a71ea672f026c1c174a5898fdf31\"},\"headline\":\"Kontakt\",\"datePublished\":\"2022-07-18T19:55:56+00:00\",\"dateModified\":\"2023-04-21T12:25:46+00:00\",\"mainEntityOfPage\":{\"@id\":\"https:\\\/\\\/www.kempujnakolesach.sk\\\/kontakt\\\/\"},\"wordCount\":40,\"publisher\":{\"@id\":\"https:\\\/\\\/www.kempujnakolesach.sk\\\/#organization\"},\"inLanguage\":\"de\"},{\"@type\":\"WebPage\",\"@id\":\"https:\\\/\\\/www.kempujnakolesach.sk\\\/kontakt\\\/\",\"url\":\"https:\\\/\\\/www.kempujnakolesach.sk\\\/kontakt\\\/\",\"name\":\"Kontakt - www.KEMPUJNAKOLESACH.sk\",\"isPartOf\":{\"@id\":\"https:\\\/\\\/www.kempujnakolesach.sk\\\/#website\"},\"datePublished\":\"2022-07-18T19:55:56+00:00\",\"dateModified\":\"2023-04-21T12:25:46+00:00\",\"description\":\"Prenajmite si campervan Marco Polo zo span\u00edm pre 4 osoby \\\/ Rent a camper with sleeping for 4.\",\"breadcrumb\":{\"@id\":\"https:\\\/\\\/www.kempujnakolesach.sk\\\/kontakt\\\/#breadcrumb\"},\"inLanguage\":\"de\",\"potentialAction\":[{\"@type\":\"ReadAction\",\"target\":[\"https:\\\/\\\/www.kempujnakolesach.sk\\\/kontakt\\\/\"]}]},{\"@type\":\"BreadcrumbList\",\"@id\":\"https:\\\/\\\/www.kempujnakolesach.sk\\\/kontakt\\\/#breadcrumb\",\"itemListElement\":[{\"@type\":\"ListItem\",\"position\":1,\"name\":\"Domovsk\u00e1 str\u00e1nka\",\"item\":\"https:\\\/\\\/www.kempujnakolesach.sk\\\/\"},{\"@type\":\"ListItem\",\"position\":2,\"name\":\"Kontakt\"}]},{\"@type\":\"WebSite\",\"@id\":\"https:\\\/\\\/www.kempujnakolesach.sk\\\/#website\",\"url\":\"https:\\\/\\\/www.kempujnakolesach.sk\\\/\",\"name\":\"www.KEMPUJNAKOLESACH.sk\",\"description\":\"Cestuj, kam a\u017e \u0165a auto dovezie...\",\"publisher\":{\"@id\":\"https:\\\/\\\/www.kempujnakolesach.sk\\\/#organization\"},\"potentialAction\":[{\"@type\":\"SearchAction\",\"target\":{\"@type\":\"EntryPoint\",\"urlTemplate\":\"https:\\\/\\\/www.kempujnakolesach.sk\\\/?s={search_term_string}\"},\"query-input\":{\"@type\":\"PropertyValueSpecification\",\"valueRequired\":true,\"valueName\":\"search_term_string\"}}],\"inLanguage\":\"de\"},{\"@type\":\"Organization\",\"@id\":\"https:\\\/\\\/www.kempujnakolesach.sk\\\/#organization\",\"name\":\"Kempuj na koles\u00e1ch\",\"url\":\"https:\\\/\\\/www.kempujnakolesach.sk\\\/\",\"logo\":{\"@type\":\"ImageObject\",\"inLanguage\":\"de\",\"@id\":\"https:\\\/\\\/www.kempujnakolesach.sk\\\/#\\\/schema\\\/logo\\\/image\\\/\",\"url\":\"https:\\\/\\\/www.kempujnakolesach.sk\\\/wp-content\\\/uploads\\\/2022\\\/08\\\/LogoN_1.jpg\",\"contentUrl\":\"https:\\\/\\\/www.kempujnakolesach.sk\\\/wp-content\\\/uploads\\\/2022\\\/08\\\/LogoN_1.jpg\",\"width\":556,\"height\":494,\"caption\":\"Kempuj na koles\u00e1ch\"},\"image\":{\"@id\":\"https:\\\/\\\/www.kempujnakolesach.sk\\\/#\\\/schema\\\/logo\\\/image\\\/\"},\"sameAs\":[\"https:\\\/\\\/www.facebook.com\\\/KempujNaKolesach\",\"https:\\\/\\\/www.instagram.com\\\/kempujnakolesach.sk\"]},{\"@type\":\"Person\",\"@id\":\"https:\\\/\\\/www.kempujnakolesach.sk\\\/#\\\/schema\\\/person\\\/7bc6a71ea672f026c1c174a5898fdf31\",\"name\":\"-mh-\",\"image\":{\"@type\":\"ImageObject\",\"inLanguage\":\"de\",\"@id\":\"https:\\\/\\\/secure.gravatar.com\\\/avatar\\\/1f57b97fb32a2b4e4318a42d2ca4640898688c516f40a7e7d373aa74f0dd9842?s=96&d=mm&r=g\",\"url\":\"https:\\\/\\\/secure.gravatar.com\\\/avatar\\\/1f57b97fb32a2b4e4318a42d2ca4640898688c516f40a7e7d373aa74f0dd9842?s=96&d=mm&r=g\",\"contentUrl\":\"https:\\\/\\\/secure.gravatar.com\\\/avatar\\\/1f57b97fb32a2b4e4318a42d2ca4640898688c516f40a7e7d373aa74f0dd9842?s=96&d=mm&r=g\",\"caption\":\"-mh-\"},\"sameAs\":[\"http:\\\/\\\/www.kempujnakolesach.sk\"],\"url\":\"https:\\\/\\\/www.kempujnakolesach.sk\\\/de\\\/author\\\/gf035000\\\/\"}]}<\/script>\n<!-- \/ Yoast SEO plugin. -->","yoast_head_json":{"title":"Kontakt - www.KEMPUJNAKOLESACH.sk","description":"Prenajmite si campervan Marco Polo zo span\u00edm pre 4 osoby \/ Rent a camper with sleeping for 4.","robots":{"index":"index","follow":"follow","max-snippet":"max-snippet:-1","max-image-preview":"max-image-preview:large","max-video-preview":"max-video-preview:-1"},"canonical":"https:\/\/www.kempujnakolesach.sk\/de\/kontakt\/","og_locale":"de_DE","og_type":"article","og_title":"Kontakt - www.KEMPUJNAKOLESACH.sk","og_description":"Prenajmite si campervan Marco Polo zo span\u00edm pre 4 osoby \/ Rent a camper with sleeping for 4.","og_url":"https:\/\/www.kempujnakolesach.sk\/de\/kontakt\/","og_site_name":"www.KEMPUJNAKOLESACH.sk","article_publisher":"https:\/\/www.facebook.com\/KempujNaKolesach","article_modified_time":"2023-04-21T12:25:46+00:00","twitter_card":"summary_large_image","twitter_misc":{"Gesch\u00e4tzte Lesezeit":"1\u00a0Minute"},"schema":{"@context":"https:\/\/schema.org","@graph":[{"@type":"Article","@id":"https:\/\/www.kempujnakolesach.sk\/kontakt\/#article","isPartOf":{"@id":"https:\/\/www.kempujnakolesach.sk\/kontakt\/"},"author":{"name":"-mh-","@id":"https:\/\/www.kempujnakolesach.sk\/#\/schema\/person\/7bc6a71ea672f026c1c174a5898fdf31"},"headline":"Kontakt","datePublished":"2022-07-18T19:55:56+00:00","dateModified":"2023-04-21T12:25:46+00:00","mainEntityOfPage":{"@id":"https:\/\/www.kempujnakolesach.sk\/kontakt\/"},"wordCount":40,"publisher":{"@id":"https:\/\/www.kempujnakolesach.sk\/#organization"},"inLanguage":"de"},{"@type":"WebPage","@id":"https:\/\/www.kempujnakolesach.sk\/kontakt\/","url":"https:\/\/www.kempujnakolesach.sk\/kontakt\/","name":"Kontakt - www.KEMPUJNAKOLESACH.sk","isPartOf":{"@id":"https:\/\/www.kempujnakolesach.sk\/#website"},"datePublished":"2022-07-18T19:55:56+00:00","dateModified":"2023-04-21T12:25:46+00:00","description":"Prenajmite si campervan Marco Polo zo span\u00edm pre 4 osoby \/ Rent a camper with sleeping for 4.","breadcrumb":{"@id":"https:\/\/www.kempujnakolesach.sk\/kontakt\/#breadcrumb"},"inLanguage":"de","potentialAction":[{"@type":"ReadAction","target":["https:\/\/www.kempujnakolesach.sk\/kontakt\/"]}]},{"@type":"BreadcrumbList","@id":"https:\/\/www.kempujnakolesach.sk\/kontakt\/#breadcrumb","itemListElement":[{"@type":"ListItem","position":1,"name":"Domovsk\u00e1 str\u00e1nka","item":"https:\/\/www.kempujnakolesach.sk\/"},{"@type":"ListItem","position":2,"name":"Kontakt"}]},{"@type":"WebSite","@id":"https:\/\/www.kempujnakolesach.sk\/#website","url":"https:\/\/www.kempujnakolesach.sk\/","name":"www.KEMPUJNAKOLESACH.sk","description":"Cestuj, kam a\u017e \u0165a auto dovezie...","publisher":{"@id":"https:\/\/www.kempujnakolesach.sk\/#organization"},"potentialAction":[{"@type":"SearchAction","target":{"@type":"EntryPoint","urlTemplate":"https:\/\/www.kempujnakolesach.sk\/?s={search_term_string}"},"query-input":{"@type":"PropertyValueSpecification","valueRequired":true,"valueName":"search_term_string"}}],"inLanguage":"de"},{"@type":"Organization","@id":"https:\/\/www.kempujnakolesach.sk\/#organization","name":"Kempuj na koles\u00e1ch","url":"https:\/\/www.kempujnakolesach.sk\/","logo":{"@type":"ImageObject","inLanguage":"de","@id":"https:\/\/www.kempujnakolesach.sk\/#\/schema\/logo\/image\/","url":"https:\/\/www.kempujnakolesach.sk\/wp-content\/uploads\/2022\/08\/LogoN_1.jpg","contentUrl":"https:\/\/www.kempujnakolesach.sk\/wp-content\/uploads\/2022\/08\/LogoN_1.jpg","width":556,"height":494,"caption":"Kempuj na koles\u00e1ch"},"image":{"@id":"https:\/\/www.kempujnakolesach.sk\/#\/schema\/logo\/image\/"},"sameAs":["https:\/\/www.facebook.com\/KempujNaKolesach","https:\/\/www.instagram.com\/kempujnakolesach.sk"]},{"@type":"Person","@id":"https:\/\/www.kempujnakolesach.sk\/#\/schema\/person\/7bc6a71ea672f026c1c174a5898fdf31","name":"-mh-","image":{"@type":"ImageObject","inLanguage":"de","@id":"https:\/\/secure.gravatar.com\/avatar\/1f57b97fb32a2b4e4318a42d2ca4640898688c516f40a7e7d373aa74f0dd9842?s=96&d=mm&r=g","url":"https:\/\/secure.gravatar.com\/avatar\/1f57b97fb32a2b4e4318a42d2ca4640898688c516f40a7e7d373aa74f0dd9842?s=96&d=mm&r=g","contentUrl":"https:\/\/secure.gravatar.com\/avatar\/1f57b97fb32a2b4e4318a42d2ca4640898688c516f40a7e7d373aa74f0dd9842?s=96&d=mm&r=g","caption":"-mh-"},"sameAs":["http:\/\/www.kempujnakolesach.sk"],"url":"https:\/\/www.kempujnakolesach.sk\/de\/author\/gf035000\/"}]}},"_links":{"self":[{"href":"https:\/\/www.kempujnakolesach.sk\/de\/wp-json\/wp\/v2\/pages\/286","targetHints":{"allow":["GET"]}}],"collection":[{"href":"https:\/\/www.kempujnakolesach.sk\/de\/wp-json\/wp\/v2\/pages"}],"about":[{"href":"https:\/\/www.kempujnakolesach.sk\/de\/wp-json\/wp\/v2\/types\/page"}],"author":[{"embeddable":true,"href":"https:\/\/www.kempujnakolesach.sk\/de\/wp-json\/wp\/v2\/users\/1"}],"replies":[{"embeddable":true,"href":"https:\/\/www.kempujnakolesach.sk\/de\/wp-json\/wp\/v2\/comments?post=286"}],"version-history":[{"count":5,"href":"https:\/\/www.kempujnakolesach.sk\/de\/wp-json\/wp\/v2\/pages\/286\/revisions"}],"predecessor-version":[{"id":863,"href":"https:\/\/www.kempujnakolesach.sk\/de\/wp-json\/wp\/v2\/pages\/286\/revisions\/863"}],"wp:attachment":[{"href":"https:\/\/www.kempujnakolesach.sk\/de\/wp-json\/wp\/v2\/media?parent=286"}],"curies":[{"name":"wp","href":"https:\/\/api.w.org\/{rel}","templated":true}]}}