{"id":274,"date":"2022-07-18T21:54:21","date_gmt":"2022-07-18T19:54:21","guid":{"rendered":"http:\/\/www.kempujnakolesach.sk\/?page_id=274"},"modified":"2022-09-13T11:22:37","modified_gmt":"2022-09-13T09:22:37","slug":"pozicovna-obytneho-camperu","status":"publish","type":"page","link":"https:\/\/www.kempujnakolesach.sk\/de\/","title":{"rendered":"Intro"},"content":{"rendered":"<div data-elementor-type=\"wp-page\" data-elementor-id=\"274\" class=\"elementor elementor-274\">\n\t\t\t\t\t\t<section class=\"elementor-section elementor-top-section elementor-element elementor-element-79db9400 elementor-section-boxed elementor-section-height-default elementor-section-height-default\" data-id=\"79db9400\" data-element_type=\"section\" data-e-type=\"section\">\n\t\t\t\t\t\t<div class=\"elementor-container elementor-column-gap-default\">\n\t\t\t\t\t<div class=\"elementor-column elementor-col-100 elementor-top-column elementor-element elementor-element-363e690d\" data-id=\"363e690d\" data-element_type=\"column\" data-e-type=\"column\">\n\t\t\t<div class=\"elementor-widget-wrap elementor-element-populated\">\n\t\t\t\t\t\t<div class=\"elementor-element elementor-element-54f1726d elementor-widget elementor-widget-text-editor\" data-id=\"54f1726d\" data-element_type=\"widget\" data-e-type=\"widget\" data-widget_type=\"text-editor.default\">\n\t\t\t\t<div class=\"elementor-widget-container\">\n\t\t\t\t\t\t\t\t\t<p><\/p>\n<p>Mieten Sie Campervan (mini Wohnmobil) Marco Polo...Wenn Sie die Welt erkunden und dabei schnell und bequem reisen wollen, wie in einem Luxusauto, ohne ein Zelt aufstellen zu m\u00fcssen um einen komfortablem Schlaf zu haben, und gleichzeitig eine m\u00f6blierte und praktische K\u00fcchenzeile mit K\u00fchlschrank dabei zu haben - dann ist der sogenannte Campervan - mini Wohnmobil - genau das Richtige f\u00fcr Sie. <strong>Mercedes Benz Marco Polo<\/strong> - Ausstattung Horizon inklusive K\u00fcchenmodul, mit Schlafm\u00f6glichkeit f\u00fcr 4 Personen.<\/p>\n<p>Vorteile:<br>- niedriger Spritverbrauch (im Vergleich zum Wohnmobil)<br>- VSt Abzug (f\u00fcr Firmen)<\/p>\n<p><\/p>\n<p><\/p>\n<figure class=\"wp-block-image size-large is-style-rounded\"><img fetchpriority=\"high\" decoding=\"async\" width=\"1024\" height=\"768\" class=\"wp-image-400\" src=\"http:\/\/www.kempujnakolesach.sk\/wp-content\/uploads\/2022\/07\/cropped-t_IMG_2568-scaled-1-1024x768.jpg\" alt=\"\" srcset=\"https:\/\/www.kempujnakolesach.sk\/wp-content\/uploads\/2022\/07\/cropped-t_IMG_2568-scaled-1-1024x768.jpg 1024w, https:\/\/www.kempujnakolesach.sk\/wp-content\/uploads\/2022\/07\/cropped-t_IMG_2568-scaled-1-300x225.jpg 300w, https:\/\/www.kempujnakolesach.sk\/wp-content\/uploads\/2022\/07\/cropped-t_IMG_2568-scaled-1-768x576.jpg 768w, https:\/\/www.kempujnakolesach.sk\/wp-content\/uploads\/2022\/07\/cropped-t_IMG_2568-scaled-1.jpg 1200w\" sizes=\"(max-width: 1024px) 100vw, 1024px\" \/><\/figure>\n<p><\/p>\t\t\t\t\t\t\t\t<\/div>\n\t\t\t\t<\/div>\n\t\t\t\t\t<\/div>\n\t\t<\/div>\n\t\t\t\t\t<\/div>\n\t\t<\/section>\n\t\t\t\t<section class=\"elementor-section elementor-top-section elementor-element elementor-element-2e3b27e elementor-section-boxed elementor-section-height-default elementor-section-height-default\" data-id=\"2e3b27e\" data-element_type=\"section\" data-e-type=\"section\">\n\t\t\t\t\t\t<div class=\"elementor-container elementor-column-gap-default\">\n\t\t\t\t\t<div class=\"elementor-column elementor-col-100 elementor-top-column elementor-element elementor-element-07a790c\" data-id=\"07a790c\" data-element_type=\"column\" data-e-type=\"column\">\n\t\t\t<div class=\"elementor-widget-wrap elementor-element-populated\">\n\t\t\t\t\t\t<div class=\"elementor-element elementor-element-e7845f9 elementor-widget elementor-widget-video\" data-id=\"e7845f9\" data-element_type=\"widget\" data-e-type=\"widget\" data-settings=\"{&quot;video_type&quot;:&quot;hosted&quot;,&quot;autoplay&quot;:&quot;yes&quot;,&quot;mute&quot;:&quot;yes&quot;,&quot;loop&quot;:&quot;yes&quot;,&quot;controls&quot;:&quot;yes&quot;}\" data-widget_type=\"video.default\">\n\t\t\t\t<div class=\"elementor-widget-container\">\n\t\t\t\t\t\t\t<div class=\"e-hosted-video elementor-wrapper elementor-open-inline\">\n\t\t\t\t\t<video class=\"elementor-video\" src=\"http:\/\/www.kempujnakolesach.sk\/wp-content\/uploads\/2022\/07\/IMG_2559_TimeLap.mp4\" autoplay=\"\" loop=\"\" controls=\"\" muted=\"muted\" controlslist=\"nodownload\"><\/video>\n\t\t\t\t<\/div>\n\t\t\t\t\t\t<\/div>\n\t\t\t\t<\/div>\n\t\t\t\t<div class=\"elementor-element elementor-element-551a093 elementor-widget elementor-widget-image\" data-id=\"551a093\" data-element_type=\"widget\" data-e-type=\"widget\" data-widget_type=\"image.default\">\n\t\t\t\t<div class=\"elementor-widget-container\">\n\t\t\t\t\t\t\t\t\t\t\t\t\t\t\t<img decoding=\"async\" width=\"213\" height=\"182\" src=\"https:\/\/www.kempujnakolesach.sk\/wp-content\/uploads\/2022\/07\/Logo3b.gif\" class=\"attachment-large size-large wp-image-590\" alt=\"\" \/>\t\t\t\t\t\t\t\t\t\t\t\t\t\t\t<\/div>\n\t\t\t\t<\/div>\n\t\t\t\t\t<\/div>\n\t\t<\/div>\n\t\t\t\t\t<\/div>\n\t\t<\/section>\n\t\t\t\t<\/div>","protected":false},"excerpt":{"rendered":"<p>Prenajmite si campervan Marco Polo&#8230;Ak chcete spozn\u00e1va\u0165 svet, cestova\u0165 pri tom r\u00fdchlo a pohodlne, ako v luxusnom osobnom aute, nepr\u00eds\u0165 o komfortn\u00fd sp\u00e1nok stavan\u00edm stanu&hellip;<\/p>","protected":false},"author":1,"featured_media":0,"parent":0,"menu_order":0,"comment_status":"closed","ping_status":"closed","template":"","meta":{"footnotes":""},"class_list":["post-274","page","type-page","status-publish","hentry"],"yoast_head":"<!-- This site is optimized with the Yoast SEO plugin v27.4 - https:\/\/yoast.com\/product\/yoast-seo-wordpress\/ -->\n<title>\u00davod - www.KEMPUJNAKOLESACH.sk<\/title>\n<meta name=\"description\" content=\"Po\u017ei\u010dov\u0148a mini karavanu - Prenajmite si campervan Marco Polo s kuchynkou a span\u00edm pre 4 osoby \/ Rent a camper with sleeping for 4.\" \/>\n<meta name=\"robots\" content=\"index, follow, max-snippet:-1, max-image-preview:large, max-video-preview:-1\" \/>\n<link rel=\"canonical\" href=\"https:\/\/www.kempujnakolesach.sk\/de\/\" \/>\n<meta property=\"og:locale\" content=\"de_DE\" \/>\n<meta property=\"og:type\" content=\"article\" \/>\n<meta property=\"og:title\" content=\"\u00davod - www.KEMPUJNAKOLESACH.sk\" \/>\n<meta property=\"og:description\" content=\"Po\u017ei\u010dov\u0148a mini karavanu - Prenajmite si campervan Marco Polo s kuchynkou a span\u00edm pre 4 osoby \/ Rent a camper with sleeping for 4.\" \/>\n<meta property=\"og:url\" content=\"https:\/\/www.kempujnakolesach.sk\/de\/\" \/>\n<meta property=\"og:site_name\" content=\"www.KEMPUJNAKOLESACH.sk\" \/>\n<meta property=\"article:publisher\" content=\"https:\/\/www.facebook.com\/KempujNaKolesach\" \/>\n<meta property=\"article:modified_time\" content=\"2022-09-13T09:22:37+00:00\" \/>\n<meta property=\"og:image\" content=\"http:\/\/www.kempujnakolesach.sk\/wp-content\/uploads\/2022\/07\/cropped-t_IMG_2568-scaled-1-1024x768.jpg\" \/>\n<meta name=\"twitter:card\" content=\"summary_large_image\" \/>\n<meta name=\"twitter:label1\" content=\"Gesch\u00e4tzte Lesezeit\" \/>\n\t<meta name=\"twitter:data1\" content=\"1\u00a0Minute\" \/>\n<script type=\"application\/ld+json\" class=\"yoast-schema-graph\">{\"@context\":\"https:\\\/\\\/schema.org\",\"@graph\":[{\"@type\":\"Article\",\"@id\":\"https:\\\/\\\/www.kempujnakolesach.sk\\\/#article\",\"isPartOf\":{\"@id\":\"https:\\\/\\\/www.kempujnakolesach.sk\\\/\"},\"author\":{\"name\":\"-mh-\",\"@id\":\"https:\\\/\\\/www.kempujnakolesach.sk\\\/#\\\/schema\\\/person\\\/7bc6a71ea672f026c1c174a5898fdf31\"},\"headline\":\"\u00davod\",\"datePublished\":\"2022-07-18T19:54:21+00:00\",\"dateModified\":\"2022-09-13T09:22:37+00:00\",\"mainEntityOfPage\":{\"@id\":\"https:\\\/\\\/www.kempujnakolesach.sk\\\/\"},\"wordCount\":102,\"publisher\":{\"@id\":\"https:\\\/\\\/www.kempujnakolesach.sk\\\/#organization\"},\"image\":{\"@id\":\"https:\\\/\\\/www.kempujnakolesach.sk\\\/#primaryimage\"},\"thumbnailUrl\":\"http:\\\/\\\/www.kempujnakolesach.sk\\\/wp-content\\\/uploads\\\/2022\\\/07\\\/cropped-t_IMG_2568-scaled-1-1024x768.jpg\",\"inLanguage\":\"de\"},{\"@type\":\"WebPage\",\"@id\":\"https:\\\/\\\/www.kempujnakolesach.sk\\\/\",\"url\":\"https:\\\/\\\/www.kempujnakolesach.sk\\\/\",\"name\":\"\u00davod - www.KEMPUJNAKOLESACH.sk\",\"isPartOf\":{\"@id\":\"https:\\\/\\\/www.kempujnakolesach.sk\\\/#website\"},\"primaryImageOfPage\":{\"@id\":\"https:\\\/\\\/www.kempujnakolesach.sk\\\/#primaryimage\"},\"image\":{\"@id\":\"https:\\\/\\\/www.kempujnakolesach.sk\\\/#primaryimage\"},\"thumbnailUrl\":\"http:\\\/\\\/www.kempujnakolesach.sk\\\/wp-content\\\/uploads\\\/2022\\\/07\\\/cropped-t_IMG_2568-scaled-1-1024x768.jpg\",\"datePublished\":\"2022-07-18T19:54:21+00:00\",\"dateModified\":\"2022-09-13T09:22:37+00:00\",\"description\":\"Po\u017ei\u010dov\u0148a mini karavanu - Prenajmite si campervan Marco Polo s kuchynkou a span\u00edm pre 4 osoby \\\/ Rent a camper with sleeping for 4.\",\"breadcrumb\":{\"@id\":\"https:\\\/\\\/www.kempujnakolesach.sk\\\/#breadcrumb\"},\"inLanguage\":\"de\",\"potentialAction\":[{\"@type\":\"ReadAction\",\"target\":[\"https:\\\/\\\/www.kempujnakolesach.sk\\\/\"]}]},{\"@type\":\"ImageObject\",\"inLanguage\":\"de\",\"@id\":\"https:\\\/\\\/www.kempujnakolesach.sk\\\/#primaryimage\",\"url\":\"http:\\\/\\\/www.kempujnakolesach.sk\\\/wp-content\\\/uploads\\\/2022\\\/07\\\/cropped-t_IMG_2568-scaled-1-1024x768.jpg\",\"contentUrl\":\"http:\\\/\\\/www.kempujnakolesach.sk\\\/wp-content\\\/uploads\\\/2022\\\/07\\\/cropped-t_IMG_2568-scaled-1-1024x768.jpg\"},{\"@type\":\"BreadcrumbList\",\"@id\":\"https:\\\/\\\/www.kempujnakolesach.sk\\\/#breadcrumb\",\"itemListElement\":[{\"@type\":\"ListItem\",\"position\":1,\"name\":\"Domovsk\u00e1 str\u00e1nka\",\"item\":\"https:\\\/\\\/www.kempujnakolesach.sk\\\/\"},{\"@type\":\"ListItem\",\"position\":2,\"name\":\"\u00davod\"}]},{\"@type\":\"WebSite\",\"@id\":\"https:\\\/\\\/www.kempujnakolesach.sk\\\/#website\",\"url\":\"https:\\\/\\\/www.kempujnakolesach.sk\\\/\",\"name\":\"www.KEMPUJNAKOLESACH.sk\",\"description\":\"Cestuj, kam a\u017e \u0165a auto dovezie...\",\"publisher\":{\"@id\":\"https:\\\/\\\/www.kempujnakolesach.sk\\\/#organization\"},\"potentialAction\":[{\"@type\":\"SearchAction\",\"target\":{\"@type\":\"EntryPoint\",\"urlTemplate\":\"https:\\\/\\\/www.kempujnakolesach.sk\\\/?s={search_term_string}\"},\"query-input\":{\"@type\":\"PropertyValueSpecification\",\"valueRequired\":true,\"valueName\":\"search_term_string\"}}],\"inLanguage\":\"de\"},{\"@type\":\"Organization\",\"@id\":\"https:\\\/\\\/www.kempujnakolesach.sk\\\/#organization\",\"name\":\"Kempuj na koles\u00e1ch\",\"url\":\"https:\\\/\\\/www.kempujnakolesach.sk\\\/\",\"logo\":{\"@type\":\"ImageObject\",\"inLanguage\":\"de\",\"@id\":\"https:\\\/\\\/www.kempujnakolesach.sk\\\/#\\\/schema\\\/logo\\\/image\\\/\",\"url\":\"https:\\\/\\\/www.kempujnakolesach.sk\\\/wp-content\\\/uploads\\\/2022\\\/08\\\/LogoN_1.jpg\",\"contentUrl\":\"https:\\\/\\\/www.kempujnakolesach.sk\\\/wp-content\\\/uploads\\\/2022\\\/08\\\/LogoN_1.jpg\",\"width\":556,\"height\":494,\"caption\":\"Kempuj na koles\u00e1ch\"},\"image\":{\"@id\":\"https:\\\/\\\/www.kempujnakolesach.sk\\\/#\\\/schema\\\/logo\\\/image\\\/\"},\"sameAs\":[\"https:\\\/\\\/www.facebook.com\\\/KempujNaKolesach\",\"https:\\\/\\\/www.instagram.com\\\/kempujnakolesach.sk\"]},{\"@type\":\"Person\",\"@id\":\"https:\\\/\\\/www.kempujnakolesach.sk\\\/#\\\/schema\\\/person\\\/7bc6a71ea672f026c1c174a5898fdf31\",\"name\":\"-mh-\",\"image\":{\"@type\":\"ImageObject\",\"inLanguage\":\"de\",\"@id\":\"https:\\\/\\\/secure.gravatar.com\\\/avatar\\\/1f57b97fb32a2b4e4318a42d2ca4640898688c516f40a7e7d373aa74f0dd9842?s=96&d=mm&r=g\",\"url\":\"https:\\\/\\\/secure.gravatar.com\\\/avatar\\\/1f57b97fb32a2b4e4318a42d2ca4640898688c516f40a7e7d373aa74f0dd9842?s=96&d=mm&r=g\",\"contentUrl\":\"https:\\\/\\\/secure.gravatar.com\\\/avatar\\\/1f57b97fb32a2b4e4318a42d2ca4640898688c516f40a7e7d373aa74f0dd9842?s=96&d=mm&r=g\",\"caption\":\"-mh-\"},\"sameAs\":[\"http:\\\/\\\/www.kempujnakolesach.sk\"],\"url\":\"https:\\\/\\\/www.kempujnakolesach.sk\\\/de\\\/author\\\/gf035000\\\/\"}]}<\/script>\n<!-- \/ Yoast SEO plugin. -->","yoast_head_json":{"title":"\u00davod - www.KEMPUJNAKOLESACH.sk","description":"Po\u017ei\u010dov\u0148a mini karavanu - Prenajmite si campervan Marco Polo s kuchynkou a span\u00edm pre 4 osoby \/ Rent a camper with sleeping for 4.","robots":{"index":"index","follow":"follow","max-snippet":"max-snippet:-1","max-image-preview":"max-image-preview:large","max-video-preview":"max-video-preview:-1"},"canonical":"https:\/\/www.kempujnakolesach.sk\/de\/","og_locale":"de_DE","og_type":"article","og_title":"\u00davod - www.KEMPUJNAKOLESACH.sk","og_description":"Po\u017ei\u010dov\u0148a mini karavanu - Prenajmite si campervan Marco Polo s kuchynkou a span\u00edm pre 4 osoby \/ Rent a camper with sleeping for 4.","og_url":"https:\/\/www.kempujnakolesach.sk\/de\/","og_site_name":"www.KEMPUJNAKOLESACH.sk","article_publisher":"https:\/\/www.facebook.com\/KempujNaKolesach","article_modified_time":"2022-09-13T09:22:37+00:00","og_image":[{"url":"http:\/\/www.kempujnakolesach.sk\/wp-content\/uploads\/2022\/07\/cropped-t_IMG_2568-scaled-1-1024x768.jpg","type":"","width":"","height":""}],"twitter_card":"summary_large_image","twitter_misc":{"Gesch\u00e4tzte Lesezeit":"1\u00a0Minute"},"schema":{"@context":"https:\/\/schema.org","@graph":[{"@type":"Article","@id":"https:\/\/www.kempujnakolesach.sk\/#article","isPartOf":{"@id":"https:\/\/www.kempujnakolesach.sk\/"},"author":{"name":"-mh-","@id":"https:\/\/www.kempujnakolesach.sk\/#\/schema\/person\/7bc6a71ea672f026c1c174a5898fdf31"},"headline":"\u00davod","datePublished":"2022-07-18T19:54:21+00:00","dateModified":"2022-09-13T09:22:37+00:00","mainEntityOfPage":{"@id":"https:\/\/www.kempujnakolesach.sk\/"},"wordCount":102,"publisher":{"@id":"https:\/\/www.kempujnakolesach.sk\/#organization"},"image":{"@id":"https:\/\/www.kempujnakolesach.sk\/#primaryimage"},"thumbnailUrl":"http:\/\/www.kempujnakolesach.sk\/wp-content\/uploads\/2022\/07\/cropped-t_IMG_2568-scaled-1-1024x768.jpg","inLanguage":"de"},{"@type":"WebPage","@id":"https:\/\/www.kempujnakolesach.sk\/","url":"https:\/\/www.kempujnakolesach.sk\/","name":"\u00davod - www.KEMPUJNAKOLESACH.sk","isPartOf":{"@id":"https:\/\/www.kempujnakolesach.sk\/#website"},"primaryImageOfPage":{"@id":"https:\/\/www.kempujnakolesach.sk\/#primaryimage"},"image":{"@id":"https:\/\/www.kempujnakolesach.sk\/#primaryimage"},"thumbnailUrl":"http:\/\/www.kempujnakolesach.sk\/wp-content\/uploads\/2022\/07\/cropped-t_IMG_2568-scaled-1-1024x768.jpg","datePublished":"2022-07-18T19:54:21+00:00","dateModified":"2022-09-13T09:22:37+00:00","description":"Po\u017ei\u010dov\u0148a mini karavanu - Prenajmite si campervan Marco Polo s kuchynkou a span\u00edm pre 4 osoby \/ Rent a camper with sleeping for 4.","breadcrumb":{"@id":"https:\/\/www.kempujnakolesach.sk\/#breadcrumb"},"inLanguage":"de","potentialAction":[{"@type":"ReadAction","target":["https:\/\/www.kempujnakolesach.sk\/"]}]},{"@type":"ImageObject","inLanguage":"de","@id":"https:\/\/www.kempujnakolesach.sk\/#primaryimage","url":"http:\/\/www.kempujnakolesach.sk\/wp-content\/uploads\/2022\/07\/cropped-t_IMG_2568-scaled-1-1024x768.jpg","contentUrl":"http:\/\/www.kempujnakolesach.sk\/wp-content\/uploads\/2022\/07\/cropped-t_IMG_2568-scaled-1-1024x768.jpg"},{"@type":"BreadcrumbList","@id":"https:\/\/www.kempujnakolesach.sk\/#breadcrumb","itemListElement":[{"@type":"ListItem","position":1,"name":"Domovsk\u00e1 str\u00e1nka","item":"https:\/\/www.kempujnakolesach.sk\/"},{"@type":"ListItem","position":2,"name":"\u00davod"}]},{"@type":"WebSite","@id":"https:\/\/www.kempujnakolesach.sk\/#website","url":"https:\/\/www.kempujnakolesach.sk\/","name":"www.KEMPUJNAKOLESACH.sk","description":"Cestuj, kam a\u017e \u0165a auto dovezie...","publisher":{"@id":"https:\/\/www.kempujnakolesach.sk\/#organization"},"potentialAction":[{"@type":"SearchAction","target":{"@type":"EntryPoint","urlTemplate":"https:\/\/www.kempujnakolesach.sk\/?s={search_term_string}"},"query-input":{"@type":"PropertyValueSpecification","valueRequired":true,"valueName":"search_term_string"}}],"inLanguage":"de"},{"@type":"Organization","@id":"https:\/\/www.kempujnakolesach.sk\/#organization","name":"Kempuj na koles\u00e1ch","url":"https:\/\/www.kempujnakolesach.sk\/","logo":{"@type":"ImageObject","inLanguage":"de","@id":"https:\/\/www.kempujnakolesach.sk\/#\/schema\/logo\/image\/","url":"https:\/\/www.kempujnakolesach.sk\/wp-content\/uploads\/2022\/08\/LogoN_1.jpg","contentUrl":"https:\/\/www.kempujnakolesach.sk\/wp-content\/uploads\/2022\/08\/LogoN_1.jpg","width":556,"height":494,"caption":"Kempuj na koles\u00e1ch"},"image":{"@id":"https:\/\/www.kempujnakolesach.sk\/#\/schema\/logo\/image\/"},"sameAs":["https:\/\/www.facebook.com\/KempujNaKolesach","https:\/\/www.instagram.com\/kempujnakolesach.sk"]},{"@type":"Person","@id":"https:\/\/www.kempujnakolesach.sk\/#\/schema\/person\/7bc6a71ea672f026c1c174a5898fdf31","name":"-mh-","image":{"@type":"ImageObject","inLanguage":"de","@id":"https:\/\/secure.gravatar.com\/avatar\/1f57b97fb32a2b4e4318a42d2ca4640898688c516f40a7e7d373aa74f0dd9842?s=96&d=mm&r=g","url":"https:\/\/secure.gravatar.com\/avatar\/1f57b97fb32a2b4e4318a42d2ca4640898688c516f40a7e7d373aa74f0dd9842?s=96&d=mm&r=g","contentUrl":"https:\/\/secure.gravatar.com\/avatar\/1f57b97fb32a2b4e4318a42d2ca4640898688c516f40a7e7d373aa74f0dd9842?s=96&d=mm&r=g","caption":"-mh-"},"sameAs":["http:\/\/www.kempujnakolesach.sk"],"url":"https:\/\/www.kempujnakolesach.sk\/de\/author\/gf035000\/"}]}},"_links":{"self":[{"href":"https:\/\/www.kempujnakolesach.sk\/de\/wp-json\/wp\/v2\/pages\/274","targetHints":{"allow":["GET"]}}],"collection":[{"href":"https:\/\/www.kempujnakolesach.sk\/de\/wp-json\/wp\/v2\/pages"}],"about":[{"href":"https:\/\/www.kempujnakolesach.sk\/de\/wp-json\/wp\/v2\/types\/page"}],"author":[{"embeddable":true,"href":"https:\/\/www.kempujnakolesach.sk\/de\/wp-json\/wp\/v2\/users\/1"}],"replies":[{"embeddable":true,"href":"https:\/\/www.kempujnakolesach.sk\/de\/wp-json\/wp\/v2\/comments?post=274"}],"version-history":[{"count":68,"href":"https:\/\/www.kempujnakolesach.sk\/de\/wp-json\/wp\/v2\/pages\/274\/revisions"}],"predecessor-version":[{"id":764,"href":"https:\/\/www.kempujnakolesach.sk\/de\/wp-json\/wp\/v2\/pages\/274\/revisions\/764"}],"wp:attachment":[{"href":"https:\/\/www.kempujnakolesach.sk\/de\/wp-json\/wp\/v2\/media?parent=274"}],"curies":[{"name":"wp","href":"https:\/\/api.w.org\/{rel}","templated":true}]}}